{"id":27972,"date":"2024-07-16T15:00:09","date_gmt":"2024-07-16T13:00:09","guid":{"rendered":"https:\/\/www.loveit.sk\/survey\/"},"modified":"2025-10-06T12:24:55","modified_gmt":"2025-10-06T10:24:55","slug":"survey","status":"publish","type":"page","link":"https:\/\/www.loveit.sk\/en\/survey\/","title":{"rendered":"Survey"},"content":{"rendered":"<h1>Win GARMIN VENU 3 SLATE\/BLACK BAND smartwatch<\/h1>\n<h2>Fill in the following survey by the 11th of September 2024 and enter the competition<\/h2>\n<h2>for 1x Garmin Venu 3 Slate\/Black Band smartwatch<span style=\"font-size: 26px;\">.<\/span><\/h2>\n<h4>The winner will be drawn by the 15th of September 2024 and contacted by email\/phone to obtain a mailing address\u00a0for delivering the prize<span style=\"font-size: 18px;\">.<\/span><\/h4>\n<p>By entering the competition, you agree to the <a href=\"https:\/\/www.loveit.sk\/competition-rules-smartwatch\/\" target=\"_blank\" rel=\"noopener\">Competition rules<\/a>.<\/p>\n<p>By submitting your data, you agree to the processing of your personal data. You may withdraw your consent at any time by sending an email to info@loveit.sk. Withdrawal of consent does not affect the lawfulness of processing based on consent prior to its withdrawal. For information on the terms and conditions for processing your data, please follow this\u00a0<a href=\"https:\/\/www.loveit.sk\/en\/gdpr\/\" target=\"_blank\" rel=\"noopener\">link<\/a>.<\/p>\n<h2>Contact<\/h2>\n<ul>\n<li class=\"p1\">Love IT s.r.o.<\/li>\n<li class=\"p1\">Bernol\u00e1kov\u00e1 7<\/li>\n<li class=\"p1\">Stupava 900 31<\/li>\n<li class=\"p1\">Business ID: 50700979<\/li>\n<li class=\"p1\">Tax ID: 2120438947<\/li>\n<li class=\"p1\">VAT Reg. No.: SK2120438947<\/li>\n<\/ul>\n<ul>\n<li class=\"p1\"><a href=\"https:\/\/www.loveit.sk\/wp-content\/uploads\/2023\/04\/Quality_Policy_ENG.pdf\" rel=\"attachment wp-att-25993\">\u00a0Quality Policy<\/a><\/li>\n<\/ul>\n<p>Poskytnut\u00edm Va\u0161ich \u00fadajov zaslan\u00edm vyplnen\u00e9ho formul\u00e1ra s\u00fahlas\u00edte so spracovan\u00edm Va\u0161ich osobn\u00fdch \u00fadajov na \u00fa\u010del vybavenia po\u017eiadavky o poskytnutie inform\u00e1ci\u00ed t\u00fdkaj\u00facich sa prev\u00e1dzkovate\u013eom (Love IT, s.r.o., I\u010cO: 50700979) poskytovan\u00fdch slu\u017eieb, \u010falej za \u00fa\u010delom vedenia datab\u00e1zy tak\u00fdchto ot\u00e1zok alebo dopytov a\u00a0kontaktovania dotknutej osoby, a\u00a0to na dobu troch (3) rokov. Poskytnut\u00fd s\u00fahlas m\u00f4\u017eete kedyko\u013evek odvola\u0165 zaslan\u00edm e-mailu na adresu info@loveit.sk. Odvolanie s\u00fahlasu nem\u00e1 vplyv na z\u00e1konnos\u0165 sprac\u00favania vych\u00e1dzaj\u00faceho zo s\u00fahlasu pred jeho odvolan\u00edm. Inform\u00e1cie o podmienkach sprac\u00favania Va\u0161ich \u00fadajov n\u00e1jdete <a href=\"https:\/\/www.loveit.sk\/en\/gdpr\/\" target=\"_blank\" rel=\"noopener\">na tomto linku<\/a>.<\/p>\n<p>\/\/By providing your data by sending the completed form, you agree to the processing of your personal data for the purpose of processing the request for providing the information related to the services provided by controller (Love IT, s.r.o., Business ID: 50700979), further for the\u00a0 purpose of maintaining a database of such questions or inquiries and contacting the data subject, for a period of three (3) years. You can revoke your consent at any time by sending an email to info@loveit.sk. Withdrawal of the consent shall not affect the lawfulness of the processing resulting from the consent prior to its withdrawal. Information on the conditions of processing your data can be found <a href=\"https:\/\/www.loveit.sk\/en\/gdpr\/\" target=\"_blank\" rel=\"noopener\">here<\/a>.<\/p>\n","protected":false},"excerpt":{"rendered":"<p>Win GARMIN VENU 3 SLATE\/BLACK BAND smartwatch Fill in the following survey by the 11th of September 2024 and enter the competition for 1x Garmin Venu 3 Slate\/Black Band smartwatch. The winner will be drawn by the 15th of September 2024 and contacted by email\/phone to obtain a mailing address\u00a0for delivering the prize. By entering&#8230;<\/p>\n","protected":false},"author":4,"featured_media":0,"parent":0,"menu_order":0,"comment_status":"closed","ping_status":"closed","template":"","meta":{"_kad_blocks_custom_css":"","_kad_blocks_head_custom_js":"","_kad_blocks_body_custom_js":"","_kad_blocks_footer_custom_js":"","_monsterinsights_skip_tracking":false,"_monsterinsights_sitenote_active":false,"_monsterinsights_sitenote_note":"","_monsterinsights_sitenote_category":0,"_kad_post_transparent":"","_kad_post_title":"","_kad_post_layout":"","_kad_post_sidebar_id":"","_kad_post_content_style":"","_kad_post_vertical_padding":"","_kad_post_feature":"","_kad_post_feature_position":"","_kad_post_header":false,"_kad_post_footer":false,"footnotes":""},"class_list":["post-27972","page","type-page","status-publish","hentry"],"taxonomy_info":[],"featured_image_src_large":false,"author_info":{"display_name":"Natalia Rackova","author_link":"https:\/\/www.loveit.sk\/en\/author\/natalia-rackova\/"},"comment_info":0,"_links":{"self":[{"href":"https:\/\/www.loveit.sk\/en\/wp-json\/wp\/v2\/pages\/27972","targetHints":{"allow":["GET"]}}],"collection":[{"href":"https:\/\/www.loveit.sk\/en\/wp-json\/wp\/v2\/pages"}],"about":[{"href":"https:\/\/www.loveit.sk\/en\/wp-json\/wp\/v2\/types\/page"}],"author":[{"embeddable":true,"href":"https:\/\/www.loveit.sk\/en\/wp-json\/wp\/v2\/users\/4"}],"replies":[{"embeddable":true,"href":"https:\/\/www.loveit.sk\/en\/wp-json\/wp\/v2\/comments?post=27972"}],"version-history":[{"count":0,"href":"https:\/\/www.loveit.sk\/en\/wp-json\/wp\/v2\/pages\/27972\/revisions"}],"wp:attachment":[{"href":"https:\/\/www.loveit.sk\/en\/wp-json\/wp\/v2\/media?parent=27972"}],"curies":[{"name":"wp","href":"https:\/\/api.w.org\/{rel}","templated":true}]}}